{"id":12572,"date":"2025-07-04T16:17:45","date_gmt":"2025-07-04T14:17:45","guid":{"rendered":"https:\/\/electio.fr\/finca-bellevue\/"},"modified":"2025-07-07T11:57:37","modified_gmt":"2025-07-07T09:57:37","slug":"finca-bellevue","status":"publish","type":"page","link":"https:\/\/electio.fr\/es\/finca-bellevue\/","title":{"rendered":"Finca Bellevue"},"content":{"rendered":"\t\t<div data-elementor-type=\"wp-page\" data-elementor-id=\"12572\" class=\"elementor elementor-12572 elementor-12528\" data-elementor-post-type=\"page\">\n\t\t\t\t<div data-particle_enable=\"false\" data-particle-mobile-disabled=\"false\" class=\"elementor-element elementor-element-06ee873 e-flex e-con-boxed e-con e-parent\" data-id=\"06ee873\" data-element_type=\"container\" data-e-type=\"container\" data-settings=\"{&quot;background_background&quot;:&quot;classic&quot;}\">\n\t\t\t\t\t<div class=\"e-con-inner\">\n\t\t\t\t\t<\/div>\n\t\t\t\t<\/div>\n\t\t\t\t<section data-particle_enable=\"false\" data-particle-mobile-disabled=\"false\" class=\"elementor-section elementor-top-section elementor-element elementor-element-42ad595 elementor-section-boxed elementor-section-height-default elementor-section-height-default\" data-id=\"42ad595\" data-element_type=\"section\" data-e-type=\"section\" data-settings=\"{&quot;background_background&quot;:&quot;classic&quot;}\">\n\t\t\t\t\t\t<div class=\"elementor-container elementor-column-gap-default\">\n\t\t\t\t\t<div class=\"elementor-column elementor-col-100 elementor-top-column elementor-element elementor-element-ba42dae\" data-id=\"ba42dae\" data-element_type=\"column\" data-e-type=\"column\">\n\t\t\t<div class=\"elementor-widget-wrap elementor-element-populated\">\n\t\t\t\t\t\t<div class=\"elementor-element elementor-element-ff916d9 elementor-widget elementor-widget-wpml-language-switcher\" data-id=\"ff916d9\" data-element_type=\"widget\" data-e-type=\"widget\" data-widget_type=\"wpml-language-switcher.default\">\n\t\t\t\t<div class=\"elementor-widget-container\">\n\t\t\t\t\t<div class=\"wpml-elementor-ls\">\n<div role=\"navigation\" aria-label=\"Selector de idioma\" class=\"wpml-ls-statics-shortcode_actions wpml-ls wpml-ls-legacy-list-horizontal\">\n\t<ul><li class=\"wpml-ls-slot-shortcode_actions wpml-ls-item wpml-ls-item-en wpml-ls-first-item wpml-ls-item-legacy-list-horizontal\">\n\t\t\t\t<a href=\"https:\/\/electio.fr\/en\/\" hreflang=\"en\" lang=\"en\" class=\"wpml-ls-link\" aria-label=\"Cambiar a English\" title=\"Cambiar a English\">\n\t\t\t\t\t                                    <img decoding=\"async\"\n            class=\"wpml-ls-flag\"\n            src=\"https:\/\/electio.fr\/wp-content\/plugins\/sitepress-multilingual-cms\/res\/flags\/en.svg\"\n            alt=\"\"\n            loading=\"lazy\"\n            width=18\n            height=12\n    \/><span class=\"wpml-ls-native\">English<\/span><\/a>\n\t\t\t<\/li><li class=\"wpml-ls-slot-shortcode_actions wpml-ls-item wpml-ls-item-fr wpml-ls-item-legacy-list-horizontal\">\n\t\t\t\t<a href=\"https:\/\/electio.fr\/\" hreflang=\"fr\" lang=\"fr\" class=\"wpml-ls-link\" aria-label=\"Cambiar a Fran\u00e7ais\" title=\"Cambiar a Fran\u00e7ais\">\n\t\t\t\t\t                                    <img decoding=\"async\"\n            class=\"wpml-ls-flag\"\n            src=\"https:\/\/electio.fr\/wp-content\/plugins\/sitepress-multilingual-cms\/res\/flags\/fr.svg\"\n            alt=\"\"\n            loading=\"lazy\"\n            width=18\n            height=12\n    \/><span class=\"wpml-ls-native\">Fran\u00e7ais<\/span><\/a>\n\t\t\t<\/li><li class=\"wpml-ls-slot-shortcode_actions wpml-ls-item wpml-ls-item-de wpml-ls-item-legacy-list-horizontal\">\n\t\t\t\t<a href=\"https:\/\/electio.fr\/de\/\" hreflang=\"de\" lang=\"de\" class=\"wpml-ls-link\" aria-label=\"Cambiar a Deutsch\" title=\"Cambiar a Deutsch\">\n\t\t\t\t\t                                    <img decoding=\"async\"\n            class=\"wpml-ls-flag\"\n            src=\"https:\/\/electio.fr\/wp-content\/plugins\/sitepress-multilingual-cms\/res\/flags\/de.svg\"\n            alt=\"\"\n            loading=\"lazy\"\n            width=18\n            height=12\n    \/><span class=\"wpml-ls-native\">Deutsch<\/span><\/a>\n\t\t\t<\/li><li class=\"wpml-ls-slot-shortcode_actions wpml-ls-item wpml-ls-item-it wpml-ls-item-legacy-list-horizontal\">\n\t\t\t\t<a href=\"https:\/\/electio.fr\/it\/\" hreflang=\"it\" lang=\"it\" class=\"wpml-ls-link\" aria-label=\"Cambiar a Italiano\" title=\"Cambiar a Italiano\">\n\t\t\t\t\t                                    <img decoding=\"async\"\n            class=\"wpml-ls-flag\"\n            src=\"https:\/\/electio.fr\/wp-content\/plugins\/sitepress-multilingual-cms\/res\/flags\/it.svg\"\n            alt=\"\"\n            loading=\"lazy\"\n            width=18\n            height=12\n    \/><span class=\"wpml-ls-native\">Italiano<\/span><\/a>\n\t\t\t<\/li><li class=\"wpml-ls-slot-shortcode_actions wpml-ls-item wpml-ls-item-es wpml-ls-current-language wpml-ls-last-item wpml-ls-item-legacy-list-horizontal\">\n\t\t\t\t<a href=\"https:\/\/electio.fr\/es\/\" hreflang=\"es\" lang=\"es\" class=\"wpml-ls-link\" aria-current=\"page\" aria-label=\"Cambiar a Espa\u00f1ol\" title=\"Cambiar a Espa\u00f1ol\">\n\t\t\t\t\t                                    <img decoding=\"async\"\n            class=\"wpml-ls-flag\"\n            src=\"https:\/\/electio.fr\/wp-content\/plugins\/sitepress-multilingual-cms\/res\/flags\/es.svg\"\n            alt=\"\"\n            loading=\"lazy\"\n            width=18\n            height=12\n    \/><span class=\"wpml-ls-native\">Espa\u00f1ol<\/span><\/a>\n\t\t\t<\/li><\/ul>\n<\/div>\n<\/div>\t\t\t\t<\/div>\n\t\t\t\t<\/div>\n\t\t\t\t<div class=\"elementor-element elementor-element-2fa7c70 elementor-widget elementor-widget-heading\" data-id=\"2fa7c70\" data-element_type=\"widget\" data-e-type=\"widget\" data-widget_type=\"heading.default\">\n\t\t\t\t<div class=\"elementor-widget-container\">\n\t\t\t\t\t<h2 class=\"elementor-heading-title elementor-size-default\">Eliminaci\u00f3n de residuos y reciclaje<\/h2>\t\t\t\t<\/div>\n\t\t\t\t<\/div>\n\t\t\t\t<div class=\"elementor-element elementor-element-0064b33 elementor-widget elementor-widget-text-editor\" data-id=\"0064b33\" data-element_type=\"widget\" data-e-type=\"widget\" data-widget_type=\"text-editor.default\">\n\t\t\t\t<div class=\"elementor-widget-container\">\n\t\t\t\t\t\t\t\t\t<p><strong>DURANTE EL VIAJE: SEPARO MI BASURA UTILIZANDO LOS DISTINTOS CONTENEDORES<\/strong><\/p>\t\t\t\t\t\t\t\t<\/div>\n\t\t\t\t<\/div>\n\t\t\t\t<div class=\"elementor-element elementor-element-56e7d37 elementor-widget elementor-widget-text-editor\" data-id=\"56e7d37\" data-element_type=\"widget\" data-e-type=\"widget\" data-widget_type=\"text-editor.default\">\n\t\t\t\t<div class=\"elementor-widget-container\">\n\t\t\t\t\t\t\t\t\t<div>&#8211; <strong> Bolsa amarilla reutilizable:<\/strong> envases de pl\u00e1stico, metal, cart\u00f3n y papel<\/div><div>&#8211; <strong> Bolsa verde reutilizable<\/strong>: botellas y tarros de vidrio<\/div><div>&#8211; <strong> Bolsa de basura desechable<\/strong>: residuos dom\u00e9sticos<\/div>\t\t\t\t\t\t\t\t<\/div>\n\t\t\t\t<\/div>\n\t\t\t\t<div class=\"elementor-element elementor-element-5c8bd2e elementor-widget elementor-widget-image\" data-id=\"5c8bd2e\" data-element_type=\"widget\" data-e-type=\"widget\" data-widget_type=\"image.default\">\n\t\t\t\t<div class=\"elementor-widget-container\">\n\t\t\t\t\t\t\t\t\t\t\t\t\t\t\t<img fetchpriority=\"high\" decoding=\"async\" width=\"623\" height=\"480\" src=\"https:\/\/electio.fr\/wp-content\/uploads\/2025\/01\/IMG_2123.jpeg\" class=\"attachment-full size-full wp-image-9202\" alt=\"\" srcset=\"https:\/\/electio.fr\/wp-content\/uploads\/2025\/01\/IMG_2123.jpeg 623w, https:\/\/electio.fr\/wp-content\/uploads\/2025\/01\/IMG_2123-300x231.jpeg 300w\" sizes=\"(max-width: 623px) 100vw, 623px\" \/>\t\t\t\t\t\t\t\t\t\t\t\t\t\t\t<\/div>\n\t\t\t\t<\/div>\n\t\t\t\t<div class=\"elementor-element elementor-element-438b750 elementor-widget-divider--view-line elementor-widget elementor-widget-divider\" data-id=\"438b750\" data-element_type=\"widget\" data-e-type=\"widget\" data-widget_type=\"divider.default\">\n\t\t\t\t<div class=\"elementor-widget-container\">\n\t\t\t\t\t\t\t<div class=\"elementor-divider\">\n\t\t\t<span class=\"elementor-divider-separator\">\n\t\t\t\t\t\t<\/span>\n\t\t<\/div>\n\t\t\t\t\t\t<\/div>\n\t\t\t\t<\/div>\n\t\t\t\t<div class=\"elementor-element elementor-element-222e4cb elementor-widget elementor-widget-text-editor\" data-id=\"222e4cb\" data-element_type=\"widget\" data-e-type=\"widget\" data-widget_type=\"text-editor.default\">\n\t\t\t\t<div class=\"elementor-widget-container\">\n\t\t\t\t\t\t\t\t\t<p><strong>AL FINAL DE MI ESTANCIA: ME ASEGURO DE TIRAR MI BASURA :<\/strong><\/p>\t\t\t\t\t\t\t\t<\/div>\n\t\t\t\t<\/div>\n\t\t\t\t<div class=\"elementor-element elementor-element-7fca50f elementor-widget elementor-widget-text-editor\" data-id=\"7fca50f\" data-element_type=\"widget\" data-e-type=\"widget\" data-widget_type=\"text-editor.default\">\n\t\t\t\t<div class=\"elementor-widget-container\">\n\t\t\t\t\t\t\t\t\t<p><strong>1. Basura dom\u00e9stica<\/strong> en el contenedor negro<\/p><p><strong>2. Residuos reciclables<\/strong> en los contenedores de clasificaci\u00f3n verde y amarillo<\/p>\t\t\t\t\t\t\t\t<\/div>\n\t\t\t\t<\/div>\n\t\t\t\t<section data-particle_enable=\"false\" data-particle-mobile-disabled=\"false\" class=\"elementor-section elementor-inner-section elementor-element elementor-element-a7758a1 elementor-section-boxed elementor-section-height-default elementor-section-height-default\" data-id=\"a7758a1\" data-element_type=\"section\" data-e-type=\"section\">\n\t\t\t\t\t\t<div class=\"elementor-container elementor-column-gap-default\">\n\t\t\t\t\t<div class=\"elementor-column elementor-col-33 elementor-inner-column elementor-element elementor-element-65b58b0\" data-id=\"65b58b0\" data-element_type=\"column\" data-e-type=\"column\" data-settings=\"{&quot;background_background&quot;:&quot;classic&quot;}\">\n\t\t\t<div class=\"elementor-widget-wrap\">\n\t\t\t\t\t\t\t<\/div>\n\t\t<\/div>\n\t\t\t\t<div class=\"elementor-column elementor-col-33 elementor-inner-column elementor-element elementor-element-a348800\" data-id=\"a348800\" data-element_type=\"column\" data-e-type=\"column\" data-settings=\"{&quot;background_background&quot;:&quot;classic&quot;}\">\n\t\t\t<div class=\"elementor-widget-wrap elementor-element-populated\">\n\t\t\t\t\t\t<div class=\"elementor-element elementor-element-347ddfc elementor-view-default elementor-widget elementor-widget-icon\" data-id=\"347ddfc\" data-element_type=\"widget\" data-e-type=\"widget\" data-widget_type=\"icon.default\">\n\t\t\t\t<div class=\"elementor-widget-container\">\n\t\t\t\t\t\t\t<div class=\"elementor-icon-wrapper\">\n\t\t\t<a class=\"elementor-icon elementor-animation-grow\" href=\"https:\/\/maps.app.goo.gl\/yY9jt2pLn1EUnrsV7\">\n\t\t\t<i aria-hidden=\"true\" class=\"fas fa-map-marked-alt\"><\/i>\t\t\t<\/a>\n\t\t<\/div>\n\t\t\t\t\t\t<\/div>\n\t\t\t\t<\/div>\n\t\t\t\t<div class=\"elementor-element elementor-element-9a550e7 elementor-widget elementor-widget-heading\" data-id=\"9a550e7\" data-element_type=\"widget\" data-e-type=\"widget\" data-widget_type=\"heading.default\">\n\t\t\t\t<div class=\"elementor-widget-container\">\n\t\t\t\t\t<h6 class=\"elementor-heading-title elementor-size-default\"><a href=\"https:\/\/maps.app.goo.gl\/yY9jt2pLn1EUnrsV7\">Mapa de Google<\/a><\/h6>\t\t\t\t<\/div>\n\t\t\t\t<\/div>\n\t\t\t\t\t<\/div>\n\t\t<\/div>\n\t\t\t\t<div class=\"elementor-column elementor-col-33 elementor-inner-column elementor-element elementor-element-fab5e0c\" data-id=\"fab5e0c\" data-element_type=\"column\" data-e-type=\"column\" data-settings=\"{&quot;background_background&quot;:&quot;classic&quot;}\">\n\t\t\t<div class=\"elementor-widget-wrap\">\n\t\t\t\t\t\t\t<\/div>\n\t\t<\/div>\n\t\t\t\t\t<\/div>\n\t\t<\/section>\n\t\t\t\t<div class=\"elementor-element elementor-element-13b40db elementor-widget elementor-widget-text-editor\" data-id=\"13b40db\" data-element_type=\"widget\" data-e-type=\"widget\" data-widget_type=\"text-editor.default\">\n\t\t\t\t<div class=\"elementor-widget-container\">\n\t\t\t\t\t\t\t\t\t<p><strong>1. Salida Domaine Bellevue<\/strong>: Gira a la izquierda hacia Chemin de la Quille. <br>Contin\u00faa recto unos 100 metros.<br> 2.<strong>En la intersecci\u00f3n, la zona de descenso est\u00e1 a la izquierda <\/strong>mientras contin\u00faas por el Chemin de la Quille.  <\/p>\t\t\t\t\t\t\t\t<\/div>\n\t\t\t\t<\/div>\n\t\t\t\t<div class=\"elementor-element elementor-element-be0909b elementor-widget elementor-widget-image\" data-id=\"be0909b\" data-element_type=\"widget\" data-e-type=\"widget\" data-widget_type=\"image.default\">\n\t\t\t\t<div class=\"elementor-widget-container\">\n\t\t\t\t\t\t\t\t\t\t\t\t\t\t\t<img decoding=\"async\" width=\"800\" height=\"596\" src=\"https:\/\/electio.fr\/wp-content\/uploads\/2025\/07\/Capture-decran-2025-07-04-a-11.43.07-1024x763.png\" class=\"attachment-large size-large wp-image-12453\" alt=\"\" srcset=\"https:\/\/electio.fr\/wp-content\/uploads\/2025\/07\/Capture-decran-2025-07-04-a-11.43.07-1024x763.png 1024w, https:\/\/electio.fr\/wp-content\/uploads\/2025\/07\/Capture-decran-2025-07-04-a-11.43.07-300x223.png 300w, https:\/\/electio.fr\/wp-content\/uploads\/2025\/07\/Capture-decran-2025-07-04-a-11.43.07-768x572.png 768w, https:\/\/electio.fr\/wp-content\/uploads\/2025\/07\/Capture-decran-2025-07-04-a-11.43.07-1536x1144.png 1536w, https:\/\/electio.fr\/wp-content\/uploads\/2025\/07\/Capture-decran-2025-07-04-a-11.43.07-2048x1526.png 2048w\" sizes=\"(max-width: 800px) 100vw, 800px\" \/>\t\t\t\t\t\t\t\t\t\t\t\t\t\t\t<\/div>\n\t\t\t\t<\/div>\n\t\t\t\t<div class=\"elementor-element elementor-element-700be1f elementor-widget elementor-widget-image\" data-id=\"700be1f\" data-element_type=\"widget\" data-e-type=\"widget\" data-widget_type=\"image.default\">\n\t\t\t\t<div class=\"elementor-widget-container\">\n\t\t\t\t\t\t\t\t\t\t\t\t\t\t\t<img decoding=\"async\" width=\"576\" height=\"781\" src=\"https:\/\/electio.fr\/wp-content\/uploads\/2023\/08\/image.jpeg\" class=\"attachment-large size-large wp-image-5941\" alt=\"\" srcset=\"https:\/\/electio.fr\/wp-content\/uploads\/2023\/08\/image.jpeg 576w, https:\/\/electio.fr\/wp-content\/uploads\/2023\/08\/image-221x300.jpeg 221w\" sizes=\"(max-width: 576px) 100vw, 576px\" \/>\t\t\t\t\t\t\t\t\t\t\t\t\t\t\t<\/div>\n\t\t\t\t<\/div>\n\t\t\t\t<div class=\"elementor-element elementor-element-0e33b60 elementor-widget elementor-widget-image\" data-id=\"0e33b60\" data-element_type=\"widget\" data-e-type=\"widget\" data-widget_type=\"image.default\">\n\t\t\t\t<div class=\"elementor-widget-container\">\n\t\t\t\t\t\t\t\t\t\t\t\t\t\t\t<img loading=\"lazy\" decoding=\"async\" width=\"577\" height=\"397\" src=\"https:\/\/electio.fr\/wp-content\/uploads\/2023\/08\/verre.jpg\" class=\"attachment-large size-large wp-image-5952\" alt=\"\" srcset=\"https:\/\/electio.fr\/wp-content\/uploads\/2023\/08\/verre.jpg 577w, https:\/\/electio.fr\/wp-content\/uploads\/2023\/08\/verre-300x206.jpg 300w\" sizes=\"(max-width: 577px) 100vw, 577px\" \/>\t\t\t\t\t\t\t\t\t\t\t\t\t\t\t<\/div>\n\t\t\t\t<\/div>\n\t\t\t\t<div class=\"elementor-element elementor-element-a16c984 elementor-widget elementor-widget-image\" data-id=\"a16c984\" data-element_type=\"widget\" data-e-type=\"widget\" data-widget_type=\"image.default\">\n\t\t\t\t<div class=\"elementor-widget-container\">\n\t\t\t\t\t\t\t\t\t\t\t\t\t\t\t<img loading=\"lazy\" decoding=\"async\" width=\"578\" height=\"376\" src=\"https:\/\/electio.fr\/wp-content\/uploads\/2023\/08\/dechet.jpg\" class=\"attachment-large size-large wp-image-5957\" alt=\"\" srcset=\"https:\/\/electio.fr\/wp-content\/uploads\/2023\/08\/dechet.jpg 578w, https:\/\/electio.fr\/wp-content\/uploads\/2023\/08\/dechet-300x195.jpg 300w\" sizes=\"(max-width: 578px) 100vw, 578px\" \/>\t\t\t\t\t\t\t\t\t\t\t\t\t\t\t<\/div>\n\t\t\t\t<\/div>\n\t\t\t\t<div class=\"elementor-element elementor-element-25d339f elementor-widget elementor-widget-heading\" data-id=\"25d339f\" data-element_type=\"widget\" data-e-type=\"widget\" data-widget_type=\"heading.default\">\n\t\t\t\t<div class=\"elementor-widget-container\">\n\t\t\t\t\t<h2 class=\"elementor-heading-title elementor-size-default\">GRACIAS \u263a\ufe0f<\/h2>\t\t\t\t<\/div>\n\t\t\t\t<\/div>\n\t\t\t\t<div class=\"elementor-element elementor-element-3cd6919 elementor-widget elementor-widget-spacer\" data-id=\"3cd6919\" data-element_type=\"widget\" data-e-type=\"widget\" data-widget_type=\"spacer.default\">\n\t\t\t\t<div class=\"elementor-widget-container\">\n\t\t\t\t\t\t\t<div class=\"elementor-spacer\">\n\t\t\t<div class=\"elementor-spacer-inner\"><\/div>\n\t\t<\/div>\n\t\t\t\t\t\t<\/div>\n\t\t\t\t<\/div>\n\t\t\t\t\t<\/div>\n\t\t<\/div>\n\t\t\t\t\t<\/div>\n\t\t<\/section>\n\t\t\t\t<\/div>\n\t\t","protected":false},"excerpt":{"rendered":"<p>English Fran\u00e7ais Deutsch Italiano Espa\u00f1ol Eliminaci\u00f3n de residuos y reciclaje DURANTE EL VIAJE: SEPARO MI BASURA UTILIZANDO LOS DISTINTOS CONTENEDORES &#8211; Bolsa amarilla reutilizable: envases de pl\u00e1stico, metal, cart\u00f3n y papel- Bolsa verde reutilizable: botellas y tarros de vidrio- Bolsa de basura desechable: residuos dom\u00e9sticos AL FINAL DE MI ESTANCIA: ME ASEGURO DE TIRAR MI [&hellip;]<\/p>\n","protected":false},"author":1,"featured_media":0,"parent":0,"menu_order":0,"comment_status":"closed","ping_status":"closed","template":"elementor_canvas","meta":{"footnotes":""},"class_list":["post-12572","page","type-page","status-publish","hentry"],"yoast_head":"<!-- This site is optimized with the Yoast SEO plugin v27.5 - https:\/\/yoast.com\/product\/yoast-seo-wordpress\/ -->\n<title>Finca Bellevue - Electio Conciergerie | Luberon &amp; Provence<\/title>\n<meta name=\"robots\" content=\"index, follow, max-snippet:-1, max-image-preview:large, max-video-preview:-1\" \/>\n<link rel=\"canonical\" href=\"https:\/\/electio.fr\/es\/finca-bellevue\/\" \/>\n<meta property=\"og:locale\" content=\"es_ES\" \/>\n<meta property=\"og:type\" content=\"article\" \/>\n<meta property=\"og:title\" content=\"Finca Bellevue - Electio Conciergerie | Luberon &amp; Provence\" \/>\n<meta property=\"og:description\" content=\"English Fran\u00e7ais Deutsch Italiano Espa\u00f1ol Eliminaci\u00f3n de residuos y reciclaje DURANTE EL VIAJE: SEPARO MI BASURA UTILIZANDO LOS DISTINTOS CONTENEDORES &#8211; Bolsa amarilla reutilizable: envases de pl\u00e1stico, metal, cart\u00f3n y papel- Bolsa verde reutilizable: botellas y tarros de vidrio- Bolsa de basura desechable: residuos dom\u00e9sticos AL FINAL DE MI ESTANCIA: ME ASEGURO DE TIRAR MI [&hellip;]\" \/>\n<meta property=\"og:url\" content=\"https:\/\/electio.fr\/es\/finca-bellevue\/\" \/>\n<meta property=\"og:site_name\" content=\"Electio Conciergerie | Luberon &amp; Provence\" \/>\n<meta property=\"article:modified_time\" content=\"2025-07-07T09:57:37+00:00\" \/>\n<meta property=\"og:image\" content=\"https:\/\/electio.fr\/wp-content\/uploads\/2025\/01\/IMG_2123.jpeg\" \/>\n<meta name=\"twitter:card\" content=\"summary_large_image\" \/>\n<meta name=\"twitter:label1\" content=\"Tiempo de lectura\" \/>\n\t<meta name=\"twitter:data1\" content=\"1 minuto\" \/>\n<script type=\"application\/ld+json\" class=\"yoast-schema-graph\">{\"@context\":\"https:\\\/\\\/schema.org\",\"@graph\":[{\"@type\":\"WebPage\",\"@id\":\"https:\\\/\\\/electio.fr\\\/es\\\/finca-bellevue\\\/\",\"url\":\"https:\\\/\\\/electio.fr\\\/es\\\/finca-bellevue\\\/\",\"name\":\"Finca Bellevue - Electio Conciergerie | Luberon &amp; Provence\",\"isPartOf\":{\"@id\":\"https:\\\/\\\/electio.fr\\\/es\\\/#website\"},\"primaryImageOfPage\":{\"@id\":\"https:\\\/\\\/electio.fr\\\/es\\\/finca-bellevue\\\/#primaryimage\"},\"image\":{\"@id\":\"https:\\\/\\\/electio.fr\\\/es\\\/finca-bellevue\\\/#primaryimage\"},\"thumbnailUrl\":\"https:\\\/\\\/electio.fr\\\/wp-content\\\/uploads\\\/2025\\\/01\\\/IMG_2123.jpeg\",\"datePublished\":\"2025-07-04T14:17:45+00:00\",\"dateModified\":\"2025-07-07T09:57:37+00:00\",\"breadcrumb\":{\"@id\":\"https:\\\/\\\/electio.fr\\\/es\\\/finca-bellevue\\\/#breadcrumb\"},\"inLanguage\":\"es\",\"potentialAction\":[{\"@type\":\"ReadAction\",\"target\":[\"https:\\\/\\\/electio.fr\\\/es\\\/finca-bellevue\\\/\"]}]},{\"@type\":\"ImageObject\",\"inLanguage\":\"es\",\"@id\":\"https:\\\/\\\/electio.fr\\\/es\\\/finca-bellevue\\\/#primaryimage\",\"url\":\"https:\\\/\\\/electio.fr\\\/wp-content\\\/uploads\\\/2025\\\/01\\\/IMG_2123.jpeg\",\"contentUrl\":\"https:\\\/\\\/electio.fr\\\/wp-content\\\/uploads\\\/2025\\\/01\\\/IMG_2123.jpeg\"},{\"@type\":\"BreadcrumbList\",\"@id\":\"https:\\\/\\\/electio.fr\\\/es\\\/finca-bellevue\\\/#breadcrumb\",\"itemListElement\":[{\"@type\":\"ListItem\",\"position\":1,\"name\":\"Accueil\",\"item\":\"https:\\\/\\\/electio.fr\\\/es\\\/\"},{\"@type\":\"ListItem\",\"position\":2,\"name\":\"Finca Bellevue\"}]},{\"@type\":\"WebSite\",\"@id\":\"https:\\\/\\\/electio.fr\\\/es\\\/#website\",\"url\":\"https:\\\/\\\/electio.fr\\\/es\\\/\",\"name\":\"Electio Conciergerie | Luberon &amp; Provence\",\"description\":\"Service de conciergerie\",\"publisher\":{\"@id\":\"https:\\\/\\\/electio.fr\\\/es\\\/#organization\"},\"potentialAction\":[{\"@type\":\"SearchAction\",\"target\":{\"@type\":\"EntryPoint\",\"urlTemplate\":\"https:\\\/\\\/electio.fr\\\/es\\\/?s={search_term_string}\"},\"query-input\":{\"@type\":\"PropertyValueSpecification\",\"valueRequired\":true,\"valueName\":\"search_term_string\"}}],\"inLanguage\":\"es\"},{\"@type\":\"Organization\",\"@id\":\"https:\\\/\\\/electio.fr\\\/es\\\/#organization\",\"name\":\"Electio Conciergerie | Luberon &amp; Provence\",\"url\":\"https:\\\/\\\/electio.fr\\\/es\\\/\",\"logo\":{\"@type\":\"ImageObject\",\"inLanguage\":\"es\",\"@id\":\"https:\\\/\\\/electio.fr\\\/es\\\/#\\\/schema\\\/logo\\\/image\\\/\",\"url\":\"https:\\\/\\\/electio.fr\\\/wp-content\\\/uploads\\\/2023\\\/07\\\/Logo-Electio-noir.png\",\"contentUrl\":\"https:\\\/\\\/electio.fr\\\/wp-content\\\/uploads\\\/2023\\\/07\\\/Logo-Electio-noir.png\",\"width\":1900,\"height\":550,\"caption\":\"Electio Conciergerie | Luberon &amp; Provence\"},\"image\":{\"@id\":\"https:\\\/\\\/electio.fr\\\/es\\\/#\\\/schema\\\/logo\\\/image\\\/\"}}]}<\/script>\n<!-- \/ Yoast SEO plugin. -->","yoast_head_json":{"title":"Finca Bellevue - Electio Conciergerie | Luberon &amp; Provence","robots":{"index":"index","follow":"follow","max-snippet":"max-snippet:-1","max-image-preview":"max-image-preview:large","max-video-preview":"max-video-preview:-1"},"canonical":"https:\/\/electio.fr\/es\/finca-bellevue\/","og_locale":"es_ES","og_type":"article","og_title":"Finca Bellevue - Electio Conciergerie | Luberon &amp; Provence","og_description":"English Fran\u00e7ais Deutsch Italiano Espa\u00f1ol Eliminaci\u00f3n de residuos y reciclaje DURANTE EL VIAJE: SEPARO MI BASURA UTILIZANDO LOS DISTINTOS CONTENEDORES &#8211; Bolsa amarilla reutilizable: envases de pl\u00e1stico, metal, cart\u00f3n y papel- Bolsa verde reutilizable: botellas y tarros de vidrio- Bolsa de basura desechable: residuos dom\u00e9sticos AL FINAL DE MI ESTANCIA: ME ASEGURO DE TIRAR MI [&hellip;]","og_url":"https:\/\/electio.fr\/es\/finca-bellevue\/","og_site_name":"Electio Conciergerie | Luberon &amp; Provence","article_modified_time":"2025-07-07T09:57:37+00:00","og_image":[{"url":"https:\/\/electio.fr\/wp-content\/uploads\/2025\/01\/IMG_2123.jpeg","type":"","width":"","height":""}],"twitter_card":"summary_large_image","twitter_misc":{"Tiempo de lectura":"1 minuto"},"schema":{"@context":"https:\/\/schema.org","@graph":[{"@type":"WebPage","@id":"https:\/\/electio.fr\/es\/finca-bellevue\/","url":"https:\/\/electio.fr\/es\/finca-bellevue\/","name":"Finca Bellevue - Electio Conciergerie | Luberon &amp; Provence","isPartOf":{"@id":"https:\/\/electio.fr\/es\/#website"},"primaryImageOfPage":{"@id":"https:\/\/electio.fr\/es\/finca-bellevue\/#primaryimage"},"image":{"@id":"https:\/\/electio.fr\/es\/finca-bellevue\/#primaryimage"},"thumbnailUrl":"https:\/\/electio.fr\/wp-content\/uploads\/2025\/01\/IMG_2123.jpeg","datePublished":"2025-07-04T14:17:45+00:00","dateModified":"2025-07-07T09:57:37+00:00","breadcrumb":{"@id":"https:\/\/electio.fr\/es\/finca-bellevue\/#breadcrumb"},"inLanguage":"es","potentialAction":[{"@type":"ReadAction","target":["https:\/\/electio.fr\/es\/finca-bellevue\/"]}]},{"@type":"ImageObject","inLanguage":"es","@id":"https:\/\/electio.fr\/es\/finca-bellevue\/#primaryimage","url":"https:\/\/electio.fr\/wp-content\/uploads\/2025\/01\/IMG_2123.jpeg","contentUrl":"https:\/\/electio.fr\/wp-content\/uploads\/2025\/01\/IMG_2123.jpeg"},{"@type":"BreadcrumbList","@id":"https:\/\/electio.fr\/es\/finca-bellevue\/#breadcrumb","itemListElement":[{"@type":"ListItem","position":1,"name":"Accueil","item":"https:\/\/electio.fr\/es\/"},{"@type":"ListItem","position":2,"name":"Finca Bellevue"}]},{"@type":"WebSite","@id":"https:\/\/electio.fr\/es\/#website","url":"https:\/\/electio.fr\/es\/","name":"Electio Conciergerie | Luberon &amp; Provence","description":"Service de conciergerie","publisher":{"@id":"https:\/\/electio.fr\/es\/#organization"},"potentialAction":[{"@type":"SearchAction","target":{"@type":"EntryPoint","urlTemplate":"https:\/\/electio.fr\/es\/?s={search_term_string}"},"query-input":{"@type":"PropertyValueSpecification","valueRequired":true,"valueName":"search_term_string"}}],"inLanguage":"es"},{"@type":"Organization","@id":"https:\/\/electio.fr\/es\/#organization","name":"Electio Conciergerie | Luberon &amp; Provence","url":"https:\/\/electio.fr\/es\/","logo":{"@type":"ImageObject","inLanguage":"es","@id":"https:\/\/electio.fr\/es\/#\/schema\/logo\/image\/","url":"https:\/\/electio.fr\/wp-content\/uploads\/2023\/07\/Logo-Electio-noir.png","contentUrl":"https:\/\/electio.fr\/wp-content\/uploads\/2023\/07\/Logo-Electio-noir.png","width":1900,"height":550,"caption":"Electio Conciergerie | Luberon &amp; Provence"},"image":{"@id":"https:\/\/electio.fr\/es\/#\/schema\/logo\/image\/"}}]}},"_links":{"self":[{"href":"https:\/\/electio.fr\/es\/wp-json\/wp\/v2\/pages\/12572","targetHints":{"allow":["GET"]}}],"collection":[{"href":"https:\/\/electio.fr\/es\/wp-json\/wp\/v2\/pages"}],"about":[{"href":"https:\/\/electio.fr\/es\/wp-json\/wp\/v2\/types\/page"}],"author":[{"embeddable":true,"href":"https:\/\/electio.fr\/es\/wp-json\/wp\/v2\/users\/1"}],"replies":[{"embeddable":true,"href":"https:\/\/electio.fr\/es\/wp-json\/wp\/v2\/comments?post=12572"}],"version-history":[{"count":0,"href":"https:\/\/electio.fr\/es\/wp-json\/wp\/v2\/pages\/12572\/revisions"}],"wp:attachment":[{"href":"https:\/\/electio.fr\/es\/wp-json\/wp\/v2\/media?parent=12572"}],"curies":[{"name":"wp","href":"https:\/\/api.w.org\/{rel}","templated":true}]}}